{"id":1092,"date":"2023-04-14T10:36:22","date_gmt":"2023-04-14T08:36:22","guid":{"rendered":"https:\/\/unpopular-truth.com\/leseprobe\/"},"modified":"2024-09-30T09:12:01","modified_gmt":"2024-09-30T07:12:01","slug":"leseprobe","status":"publish","type":"page","link":"https:\/\/unpopular-truth.com\/de\/leseprobe\/","title":{"rendered":"Leseprobe"},"content":{"rendered":"\t\t<div data-elementor-type=\"wp-page\" data-elementor-id=\"1092\" class=\"elementor elementor-1092 elementor-1080\" data-elementor-post-type=\"page\">\n\t\t\t\t\t\t<section class=\"elementor-section elementor-top-section elementor-element elementor-element-7536a4f elementor-section-full_width elementor-section-height-default elementor-section-height-default\" data-id=\"7536a4f\" data-element_type=\"section\" data-e-type=\"section\" data-settings=\"{&quot;background_background&quot;:&quot;classic&quot;}\">\n\t\t\t\t\t\t<div class=\"elementor-container elementor-column-gap-default\">\n\t\t\t\t\t<div class=\"elementor-column elementor-col-100 elementor-top-column elementor-element elementor-element-3120106\" data-id=\"3120106\" data-element_type=\"column\" data-e-type=\"column\">\n\t\t\t<div class=\"elementor-widget-wrap elementor-element-populated\">\n\t\t\t\t\t\t<section class=\"elementor-section elementor-inner-section elementor-element elementor-element-7941fe7 elementor-section-boxed elementor-section-height-default elementor-section-height-default\" data-id=\"7941fe7\" data-element_type=\"section\" data-e-type=\"section\" data-settings=\"{&quot;background_background&quot;:&quot;classic&quot;}\">\n\t\t\t\t\t\t<div class=\"elementor-container elementor-column-gap-default\">\n\t\t\t\t\t<div class=\"elementor-column elementor-col-100 elementor-inner-column elementor-element elementor-element-8646379\" data-id=\"8646379\" data-element_type=\"column\" data-e-type=\"column\" data-settings=\"{&quot;background_background&quot;:&quot;classic&quot;}\">\n\t\t\t<div class=\"elementor-widget-wrap elementor-element-populated\">\n\t\t\t\t\t\t<div class=\"elementor-element elementor-element-965f74d elementor-widget__width-auto elementor-widget elementor-widget-heading\" data-id=\"965f74d\" data-element_type=\"widget\" data-e-type=\"widget\" data-settings=\"{&quot;motion_fx_motion_fx_scrolling&quot;:&quot;yes&quot;,&quot;motion_fx_translateX_effect&quot;:&quot;yes&quot;,&quot;motion_fx_translateX_direction&quot;:&quot;negative&quot;,&quot;motion_fx_translateX_speed&quot;:{&quot;unit&quot;:&quot;px&quot;,&quot;size&quot;:0.299999999999999988897769753748434595763683319091796875,&quot;sizes&quot;:[]},&quot;motion_fx_translateX_affectedRange&quot;:{&quot;unit&quot;:&quot;%&quot;,&quot;size&quot;:&quot;&quot;,&quot;sizes&quot;:{&quot;start&quot;:0,&quot;end&quot;:100}},&quot;motion_fx_devices&quot;:[&quot;desktop&quot;,&quot;tablet&quot;,&quot;mobile&quot;]}\" data-widget_type=\"heading.default\">\n\t\t\t\t<div class=\"elementor-widget-container\">\n\t\t\t\t\t<h4 class=\"elementor-heading-title elementor-size-default\">Leseprobe<\/h4>\t\t\t\t<\/div>\n\t\t\t\t<\/div>\n\t\t\t\t\t<\/div>\n\t\t<\/div>\n\t\t\t\t\t<\/div>\n\t\t<\/section>\n\t\t\t\t\t<\/div>\n\t\t<\/div>\n\t\t\t\t\t<\/div>\n\t\t<\/section>\n\t\t\t\t<section class=\"elementor-section elementor-top-section elementor-element elementor-element-e73d47f elementor-section-full_width elementor-section-height-default elementor-section-height-default\" data-id=\"e73d47f\" data-element_type=\"section\" data-e-type=\"section\" data-settings=\"{&quot;background_background&quot;:&quot;classic&quot;}\">\n\t\t\t\t\t\t<div class=\"elementor-container elementor-column-gap-default\">\n\t\t\t\t\t<div class=\"elementor-column elementor-col-100 elementor-top-column elementor-element elementor-element-87d9dbd\" data-id=\"87d9dbd\" data-element_type=\"column\" data-e-type=\"column\">\n\t\t\t<div class=\"elementor-widget-wrap elementor-element-populated\">\n\t\t\t\t\t\t<section class=\"elementor-section elementor-inner-section elementor-element elementor-element-25a89c8 elementor-section-boxed elementor-section-height-default elementor-section-height-default\" data-id=\"25a89c8\" data-element_type=\"section\" data-e-type=\"section\">\n\t\t\t\t\t\t<div class=\"elementor-container elementor-column-gap-default\">\n\t\t\t\t\t<div class=\"elementor-column elementor-col-100 elementor-inner-column elementor-element elementor-element-2ebac71\" data-id=\"2ebac71\" data-element_type=\"column\" data-e-type=\"column\">\n\t\t\t<div class=\"elementor-widget-wrap elementor-element-populated\">\n\t\t\t\t\t\t<div class=\"elementor-element elementor-element-8679231 elementor-widget__width-auto elementor-widget elementor-widget-heading\" data-id=\"8679231\" data-element_type=\"widget\" data-e-type=\"widget\" data-widget_type=\"heading.default\">\n\t\t\t\t<div class=\"elementor-widget-container\">\n\t\t\t\t\t<h2 class=\"elementor-heading-title elementor-size-default\">Unbequeme Wahrheiten<\/h2>\t\t\t\t<\/div>\n\t\t\t\t<\/div>\n\t\t\t\t\t<\/div>\n\t\t<\/div>\n\t\t\t\t\t<\/div>\n\t\t<\/section>\n\t\t\t\t\t<\/div>\n\t\t<\/div>\n\t\t\t\t\t<\/div>\n\t\t<\/section>\n\t\t\t\t<section class=\"elementor-section elementor-top-section elementor-element elementor-element-cff1cd4 elementor-section-full_width elementor-section-height-default elementor-section-height-default\" data-id=\"cff1cd4\" data-element_type=\"section\" data-e-type=\"section\" data-settings=\"{&quot;background_background&quot;:&quot;classic&quot;}\">\n\t\t\t\t\t\t<div class=\"elementor-container elementor-column-gap-default\">\n\t\t\t\t\t<div class=\"elementor-column elementor-col-100 elementor-top-column elementor-element elementor-element-499400c\" data-id=\"499400c\" data-element_type=\"column\" data-e-type=\"column\">\n\t\t\t<div class=\"elementor-widget-wrap elementor-element-populated\">\n\t\t\t\t\t\t<section class=\"elementor-section elementor-inner-section elementor-element elementor-element-8606aa0 elementor-section-boxed elementor-section-height-default elementor-section-height-default\" data-id=\"8606aa0\" data-element_type=\"section\" data-e-type=\"section\">\n\t\t\t\t\t\t<div class=\"elementor-container elementor-column-gap-default\">\n\t\t\t\t\t<div class=\"elementor-column elementor-col-100 elementor-inner-column elementor-element elementor-element-b37f90f\" data-id=\"b37f90f\" data-element_type=\"column\" data-e-type=\"column\">\n\t\t\t<div class=\"elementor-widget-wrap elementor-element-populated\">\n\t\t\t\t\t\t<div class=\"elementor-element elementor-element-9c8f715 elementor-widget elementor-widget-text-editor\" data-id=\"9c8f715\" data-element_type=\"widget\" data-e-type=\"widget\" data-widget_type=\"text-editor.default\">\n\t\t\t\t<div class=\"elementor-widget-container\">\n\t\t\t\t\t\t\t\t\t<p>\u00dcBER DEN STROM UND DIE ENERGIE DER ZUKUNFT<\/p>\n<p>Von Dr Lars Schernikau und Prof Willam Hayden Smith<\/p>\n\t\t\t\t\t\t\t\t<\/div>\n\t\t\t\t<\/div>\n\t\t\t\t\t<\/div>\n\t\t<\/div>\n\t\t\t\t\t<\/div>\n\t\t<\/section>\n\t\t\t\t\t<\/div>\n\t\t<\/div>\n\t\t\t\t\t<\/div>\n\t\t<\/section>\n\t\t\t\t<section class=\"elementor-section elementor-top-section elementor-element elementor-element-d96b89e elementor-section-full_width elementor-section-height-default elementor-section-height-default\" data-id=\"d96b89e\" data-element_type=\"section\" data-e-type=\"section\" data-settings=\"{&quot;background_background&quot;:&quot;classic&quot;}\">\n\t\t\t\t\t\t<div class=\"elementor-container elementor-column-gap-default\">\n\t\t\t\t\t<div class=\"elementor-column elementor-col-100 elementor-top-column elementor-element elementor-element-ea82db5\" data-id=\"ea82db5\" data-element_type=\"column\" data-e-type=\"column\">\n\t\t\t<div class=\"elementor-widget-wrap elementor-element-populated\">\n\t\t\t\t\t\t<section class=\"elementor-section elementor-inner-section elementor-element elementor-element-89c7c77 elementor-section-full_width elementor-section-height-default elementor-section-height-default\" data-id=\"89c7c77\" data-element_type=\"section\" data-e-type=\"section\">\n\t\t\t\t\t\t<div class=\"elementor-container elementor-column-gap-default\">\n\t\t\t\t\t<div class=\"elementor-column elementor-col-100 elementor-inner-column elementor-element elementor-element-a234ece\" data-id=\"a234ece\" data-element_type=\"column\" data-e-type=\"column\">\n\t\t\t<div class=\"elementor-widget-wrap elementor-element-populated\">\n\t\t\t\t\t\t<div class=\"elementor-element elementor-element-7d49824 elementor-align-right elementor-widget__width-auto elementor-widget elementor-widget-button\" data-id=\"7d49824\" data-element_type=\"widget\" data-e-type=\"widget\" data-widget_type=\"button.default\">\n\t\t\t\t<div class=\"elementor-widget-container\">\n\t\t\t\t\t\t\t\t\t<div class=\"elementor-button-wrapper\">\n\t\t\t\t\t<a class=\"elementor-button elementor-button-link elementor-size-md\" href=\"\/wp-content\/uploads\/2023\/04\/Unbequeme-Wahrheiten-uber-Strom-und-die-Energie-der-Zukunft-Satz-BoD2023-03-27-12-14-Vorwort.pdf\" target=\"_blank\">\n\t\t\t\t\t\t<span class=\"elementor-button-content-wrapper\">\n\t\t\t\t\t\t<span class=\"elementor-button-icon\">\n\t\t\t\t<i aria-hidden=\"true\" class=\"fas fa-download\"><\/i>\t\t\t<\/span>\n\t\t\t\t\t\t\t\t\t<span class=\"elementor-button-text\">Download<\/span>\n\t\t\t\t\t<\/span>\n\t\t\t\t\t<\/a>\n\t\t\t\t<\/div>\n\t\t\t\t\t\t\t\t<\/div>\n\t\t\t\t<\/div>\n\t\t\t\t\t<\/div>\n\t\t<\/div>\n\t\t\t\t\t<\/div>\n\t\t<\/section>\n\t\t\t\t<section class=\"elementor-section elementor-inner-section elementor-element elementor-element-b999d78 elementor-section-boxed elementor-section-height-default elementor-section-height-default\" data-id=\"b999d78\" data-element_type=\"section\" data-e-type=\"section\">\n\t\t\t\t\t\t<div class=\"elementor-container elementor-column-gap-default\">\n\t\t\t\t\t<div class=\"elementor-column elementor-col-100 elementor-inner-column elementor-element elementor-element-e6f17d8\" data-id=\"e6f17d8\" data-element_type=\"column\" data-e-type=\"column\">\n\t\t\t<div class=\"elementor-widget-wrap elementor-element-populated\">\n\t\t\t\t\t\t<div class=\"elementor-element elementor-element-2f3940e elementor-widget elementor-widget-text-editor\" data-id=\"2f3940e\" data-element_type=\"widget\" data-e-type=\"widget\" data-widget_type=\"text-editor.default\">\n\t\t\t\t<div class=\"elementor-widget-container\">\n\t\t\t\t\t\t\t\t\t<h4><span style=\"color: #000000;\">Vorwort von Lars Schernikau<\/span><\/h4><p>Energie ist allumfassend. Sie ist die Grundlage f\u00fcr unser modernes Leben. So offensichtlich und einfach dies auch klingen mag, ich habe Jahr-zehnte gebraucht, um dies wirklich zu verinnerlichen. Ich bin mit Energie und Rohstoffen aufgewachsen, von dem Tag an, als ich zum ersten Mal meine Augen \u00f6ffnete. Aber erst vor 20 Jahren habe ich als Rohstoffh\u00e4ndler angefangen, mit Rohstoffen und Energie zu arbeiten. In dieser Zeit ver-brachte ich einen gro\u00dfen Teil meiner beruflichen Laufbahn in den globalen Kohlem\u00e4rkten in Asien, Afrika, Europa und Amerika. Beruflich besch\u00e4ftig-te ich mich auch mit Erzprodukten wie Eisenerz, Lithiumerz, Kupfererz, Chromerz und vielem mehr. Wenn ich \u00fcber Elektrizit\u00e4t schreibe und mich kritisch mit variablen \u201eer-neuerbaren\u201c Energien (Wind- und Solarenergie) befasse, bin ich entspre-chend voreingenommen. Man sollte sich jedoch dar\u00fcber bewusst sein, dass bei einem Energiemangel das Gesch\u00e4ft mit fossilen Brennstoffen florieren wird. Denn Zeiten des Energiemangels gehen immer mit hohen Stromprei-sen einher, was zu hohen Rohstoffpreisen f\u00fchrt. Dies wiederum hat \u00dcber-gewinne f\u00fcr all diejenigen zur Folge, die Energierohstoffe produzieren bzw. handeln und Elektrizit\u00e4t erzeugen. Das veranschaulichen die Rekordgewin-ne der gro\u00dfen \u00d6l-, Gas- und Kohlekonzerne in den Jahren 2021 und 2022. Ich habe also eher einen negativen \u00f6konomischen Anreiz, dar\u00fcber zu schreiben, wie die Welt eine Energieknappheit vermeiden kann. In meinem eigenen wirtschaftlichen Interesse sollte ich daher eigentlich keine Stellung beziehen. In diesem Buch geht es jedoch darum, was f\u00fcr die Welt richtig ist, was wir tun k\u00f6nnen, um unsere Energieerzeugung zu optimieren, und nicht darum, was f\u00fcr mich pers\u00f6nlich scheinbar optimal w\u00e4re. Die Bereitstellung von bezahlbarer und verl\u00e4sslich verf\u00fcgbarer Energie soll-te nicht politisch gepr\u00e4gt sein. Leider wurde und wird Energiepolitik im-mer wieder f\u00fcr genau das missbraucht, von allen Seiten des politischen Spektrums. Es sollte das Interesse jeder Regierung sein, einen so weit wie m\u00f6glich ausgewogenen Energiemix zu unterst\u00fctzen, Abh\u00e4ngigkeiten von totalit\u00e4ren Systemen zu reduzieren, Bezahlbarkeit zu sichern, und nat\u00fcr-lich den \u00f6kologischen Fu\u00dfabdruck zu limitieren. Leider ist die Geschichte voll von gegenteiligen Beispielen. Der Russland-Ukraine-Konflikt, der im Jahre 2022 begann, zeigte erneut, wie eng Politik und Energie verbunden sind. Ich m\u00f6chte aber daran erinnern, dass Putin nicht der Ausl\u00f6ser der Energiekrise in Deutschland und Europa war, sondern diese \u201enur\u201c ver-schlimmert und beschleunigt hat. Langfristig m\u00fcssen wir eine L\u00f6sung f\u00fcr unser Energieproblem finden. Un-sere Vorkommen an fossilen Brennstoffen reichen noch Hunderte von Jah-ren. Es ist jedoch auch offensichtlich, dass wir nicht ewig fossile Brenn-stoffe f\u00f6rdern und verbrennen k\u00f6nnen. Nicht nur, weil es nicht genug von ihnen gibt, sondern vor allem, weil wir in Zukunft viel mehr Energie ben\u00f6tigen werden. \u00d6l, Kohle und Gas werden weder ausreichen noch effizient genug sein, um unseren gro\u00dfen Energiehunger zu stillen, den wir f\u00fcr unse-re nat\u00fcrliche, menschliche und wissenschaftliche Evolution und Entwick-lung in den kommenden Jahrhunderten ben\u00f6tigen werden. Diese Tatsache hat mein Interesse geweckt, mehr \u00fcber Elektrizit\u00e4t und Energie jenseits von Kohle, \u00d6l und Gas zu lernen; ich m\u00f6chte verstehen, wie die Energie der Zukunft aussehen kann und wie nicht. Ich lerne jeden Tag dazu und dieses Buch dokumentiert meinen aktuellen Wissensstand.                            <\/p><figure id=\"attachment_889\" aria-describedby=\"caption-attachment-889\" style=\"width: 800px\" class=\"wp-caption alignnone\"><img fetchpriority=\"high\" decoding=\"async\" class=\"wp-image-888 size-large\" src=\"http:\/\/unpopular-truth.com\/wp-content\/uploads\/2023\/04\/Figure-01-1024x555.jpg\" alt=\"Abbildung 1: Geschichte des Erdklimas \u00fcber 600 Millionen Jahre Hinweis: Grafik der globalen Temperatur und der atmosph\u00e4rischen CO2-Konzentration \u00fcber die letzten 600 Millionen Jahre, die die j\u00fcngsten Zeitalter, Perioden und Epochen der Erde aufzeigt. Anmerkung: Das Holoz\u00e4n begann vor etwa 13.000 Jahren und ist das, was wir als die derzeitige Warmzeit bezeichnen. Es ist Teil der sp\u00e4ten Eiszeit des Pleistoz\u00e4ns, die vor weniger als zwei Millionen Jahren begann. Quelle: Moore 2017 auf der Grundlage von Nahle 2009.\" width=\"800\" height=\"434\" srcset=\"https:\/\/unpopular-truth.com\/wp-content\/uploads\/2023\/04\/Figure-01-1024x555.jpg 1024w, https:\/\/unpopular-truth.com\/wp-content\/uploads\/2023\/04\/Figure-01-300x163.jpg 300w, https:\/\/unpopular-truth.com\/wp-content\/uploads\/2023\/04\/Figure-01-768x416.jpg 768w, https:\/\/unpopular-truth.com\/wp-content\/uploads\/2023\/04\/Figure-01.jpg 1417w\" sizes=\"(max-width: 800px) 100vw, 800px\" \/><figcaption id=\"caption-attachment-889\" class=\"wp-caption-text\">Abbildung 1: Geschichte des Erdklimas \u00fcber 600 Millionen Jahre Hinweis: Grafik der globalen Temperatur und der atmosph\u00e4rischen CO2-Konzentration \u00fcber die letzten 600 Millionen Jahre, die die j\u00fcngsten Zeitalter, Perioden und Epochen der Erde aufzeigt. Anmerkung: Das Holoz\u00e4n begann vor etwa 13.000 Jahren und ist das, was wir als die derzeitige Warmzeit bezeichnen. Es ist Teil der sp\u00e4ten Eiszeit des Pleistoz\u00e4ns, die vor weniger als zwei Millionen Jahren begann. Quelle: Moore 2017 auf der Grundlage von Nahle 2009.<\/figcaption><\/figure><p>Seit dem Zweiten Weltkrieg hat sich die Menschheit mehr naturwissenschaftliche Erkenntnisse erarbeitet als in den vorangegangenen eine Milli-on Jahren. Nach der landwirtschaftlichen Revolution infolge eines drasti-schen Temperaturanstiegs w\u00e4hrend des fr\u00fchen Holoz\u00e4ns dauerte es 10.000 Jahre, bis in Europa eine Zivilisation entstand. Es dauerte nur ein Jahrhun-dert, bis die Dampfmaschine und Kohle die Entwicklung der modernen Industrie erm\u00f6glichten. Die in der Mittee des zwanzigsten Jahrhunderts ent-deckte Kernkraft steigerte die einem einzelnen Menschen zur Verf\u00fcgung stehende Energie um den Faktor eine Million. Der wissenschaftliche Fortschritte wird uns zu dem f\u00fchren, was oft als Kar-dashevs \u201eTyp-1-Zivilisation\u201c bezeichnet wird, in der die Menschen in der Lage sind, sich die gesamte auf unserem Heimatplaneten verf\u00fcgbare Energie nutzbar zu machen und f\u00fcr den Verbrauch zu speichern (McFadden 2019). Michio Kaku glaubt, dass dies in nur 100-200 Jahren der Fall sein wird, was durchaus m\u00f6glich erscheint. Im Gegensatz dazu wird in unserer heutigen Welt \u2013 eine subglobale \u201eTyp-0-Zivilisation\u201c \u2013 Energie haupts\u00e4chlich aus ab-gebauten Rohstoffen gewonnen. Die Entwicklung der Menschheit wird sich jedoch nicht auf wissenschaftliche Fortschrittee beschr\u00e4nken, sondern auch geistige, oder spirituelle, Fortschrittee beinhalten, die es uns erm\u00f6glichen, die energetische Verbindung zwischen Materie und Geist besser zu verstehen. Die Behauptung lautet daher, dass unser \u201eEnergieproblem\u201c innerhalb von ein oder zwei Jahrhunderten durch eine Neue Energierevolution gel\u00f6st werden wird, wie wir im letzten Kapitel dieses Buches er\u00f6rtern. Die Natur hat sich in einer Weise entwickelt, die wir oft vergessen. Die Di-nosaurier sind erst vor 65 Millionen Jahren ausgestorben (in der 24-Stun-den-Geschichte der Erde ist das nicht einmal 20 Minuten her). Stellen Sie sich einmal eine Welt ohne Blumen vor \u2013 ist das \u00fcberhaupt m\u00f6glich? Ja, das war bis vor gerade einmal 120 Millionen Jahren m\u00f6glich; in etwa zu diesem Zeitpunkt entwickelten sich die ersten Blumen. In den Hunderten von Millionen Jahren zuvor \u201ebrauchte\u201c das Leben scheinbar keine Blumen. Interessant ist auch, dass wir erst vor kurzem gelernt haben, dass B\u00e4ume und Pflanzen buchst\u00e4blich und wissenschaftlich nachweisbar miteinander \u201ekommunizieren\u201c und in \u201eSocial Networks\u201c leben (vgl. Wohlleben 2016, The Hidden Life of Trees).            <\/p><p>Blumen wie auch Kristalle, Edelsteine und V\u00f6gel haben eine besondere Be-deutung f\u00fcr den Menschen. Was wird uns die Natur noch bieten? Die k\u00fcnftige Entwicklung der Menschheit wird sicherlich zu einem besseren Verst\u00e4ndnis der Zusammenh\u00e4nge in der Welt f\u00fchren. Wir werden lernen, unseren Geist besser zu verstehen und diese neu gefundene Kraft zu nut-zen, um neue Heilungsmethoden zu finden und Gl\u00fcck nachhaltiger zu erleben. Einige der ber\u00fchmtesten Neurowissenschaftler ermutigen uns, Meditation und Spiritualit\u00e4t anzunehmen. Meditation aktiviert nachweis-lich Teile unseres Gehirns, die uns bei der Heilung helfen und uns Zugang zu Wissen und Verbindungen verschaffen, von denen wir bisher nicht ein-mal getr\u00e4umt haben. Warum erw\u00e4hne ich das? Um Ihnen bewusst zu machen, wie wenig wir \u00fcber die Zukunft wissen, abgesehen davon, dass sich Evolution und Ent-wicklung gewaltig, schnell und \u00fcberraschend vollziehen. Die Energie der Zukunft wird davon gepr\u00e4gt sein, dass der menschliche Verstand auf all das Wissen zugreift, von dem wir noch nicht einmal ahnen, dass wir es nicht kennen. Das ist mein Interesse: mehr \u00fcber die Dinge zu lernen, die ich noch nicht kenne, und zu sehen, wie wir unsere Welt wirklich positiv ver\u00e4ndern k\u00f6nnen, indem wir allumfassend statte einschr\u00e4nkend sind. Ich strebe danach, die Zukunft anders und positiv zu sehen, indem ich einbe-ziehe und nicht ausschlie\u00dfe, indem ich physikalische Grenzen erkenne, aber offen bin f\u00fcr das, was sein k\u00f6nnte.           <\/p><p>Ich freue mich \u00fcber Ihr Feedback zu diesem Buch. <br>Lars Schernikau<\/p><p>Dr. Lars Schernikau ist Energie\u00f6konom, Unternehmer, Rohstoffh\u00e4ndler und Autor. energyeconomics@top-email.net &#8211;<\/p>\t\t\t\t\t\t\t\t<\/div>\n\t\t\t\t<\/div>\n\t\t\t\t\t<\/div>\n\t\t<\/div>\n\t\t\t\t\t<\/div>\n\t\t<\/section>\n\t\t\t\t\t<\/div>\n\t\t<\/div>\n\t\t\t\t\t<\/div>\n\t\t<\/section>\n\t\t\t\t<section class=\"elementor-section elementor-top-section elementor-element elementor-element-7fb78d44 elementor-section-boxed elementor-section-height-default elementor-section-height-default\" data-id=\"7fb78d44\" data-element_type=\"section\" data-e-type=\"section\">\n\t\t\t\t\t\t<div class=\"elementor-container elementor-column-gap-default\">\n\t\t\t\t\t<div class=\"elementor-column elementor-col-25 elementor-top-column elementor-element elementor-element-2056b0b0\" data-id=\"2056b0b0\" data-element_type=\"column\" data-e-type=\"column\">\n\t\t\t<div class=\"elementor-widget-wrap elementor-element-populated\">\n\t\t\t\t\t\t<div class=\"elementor-element elementor-element-3bf9cfea elementor-widget elementor-widget-spacer\" data-id=\"3bf9cfea\" data-element_type=\"widget\" data-e-type=\"widget\" data-widget_type=\"spacer.default\">\n\t\t\t\t<div class=\"elementor-widget-container\">\n\t\t\t\t\t\t\t<div class=\"elementor-spacer\">\n\t\t\t<div class=\"elementor-spacer-inner\"><\/div>\n\t\t<\/div>\n\t\t\t\t\t\t<\/div>\n\t\t\t\t<\/div>\n\t\t\t\t<div class=\"elementor-element elementor-element-6912cffd elementor-widget elementor-widget-heading\" data-id=\"6912cffd\" data-element_type=\"widget\" data-e-type=\"widget\" data-widget_type=\"heading.default\">\n\t\t\t\t<div class=\"elementor-widget-container\">\n\t\t\t\t\t<h5 class=\"elementor-heading-title elementor-size-default\"><a href=\"https:\/\/unpopular-truth.com\/kontakt\/\">Kontakt<\/a><\/h5>\t\t\t\t<\/div>\n\t\t\t\t<\/div>\n\t\t\t\t\t<\/div>\n\t\t<\/div>\n\t\t\t\t<div class=\"elementor-column elementor-col-25 elementor-top-column elementor-element elementor-element-5e82f63c\" data-id=\"5e82f63c\" data-element_type=\"column\" data-e-type=\"column\">\n\t\t\t<div class=\"elementor-widget-wrap elementor-element-populated\">\n\t\t\t\t\t\t<div class=\"elementor-element elementor-element-4f3742f7 elementor-widget elementor-widget-spacer\" data-id=\"4f3742f7\" data-element_type=\"widget\" data-e-type=\"widget\" data-widget_type=\"spacer.default\">\n\t\t\t\t<div class=\"elementor-widget-container\">\n\t\t\t\t\t\t\t<div class=\"elementor-spacer\">\n\t\t\t<div class=\"elementor-spacer-inner\"><\/div>\n\t\t<\/div>\n\t\t\t\t\t\t<\/div>\n\t\t\t\t<\/div>\n\t\t\t\t<div class=\"elementor-element elementor-element-63fa695f elementor-widget elementor-widget-heading\" data-id=\"63fa695f\" data-element_type=\"widget\" data-e-type=\"widget\" data-widget_type=\"heading.default\">\n\t\t\t\t<div class=\"elementor-widget-container\">\n\t\t\t\t\t<h5 class=\"elementor-heading-title elementor-size-default\"><a href=\"https:\/\/unpopular-truth.com\/imprint\/\">Imprint<\/a><\/h5>\t\t\t\t<\/div>\n\t\t\t\t<\/div>\n\t\t\t\t\t<\/div>\n\t\t<\/div>\n\t\t\t\t<div class=\"elementor-column elementor-col-25 elementor-top-column elementor-element elementor-element-3796080f\" data-id=\"3796080f\" data-element_type=\"column\" data-e-type=\"column\">\n\t\t\t<div class=\"elementor-widget-wrap elementor-element-populated\">\n\t\t\t\t\t\t<div class=\"elementor-element elementor-element-7a756eaf elementor-widget elementor-widget-spacer\" data-id=\"7a756eaf\" data-element_type=\"widget\" data-e-type=\"widget\" data-widget_type=\"spacer.default\">\n\t\t\t\t<div class=\"elementor-widget-container\">\n\t\t\t\t\t\t\t<div class=\"elementor-spacer\">\n\t\t\t<div class=\"elementor-spacer-inner\"><\/div>\n\t\t<\/div>\n\t\t\t\t\t\t<\/div>\n\t\t\t\t<\/div>\n\t\t\t\t<div class=\"elementor-element elementor-element-33e0c800 elementor-widget elementor-widget-heading\" data-id=\"33e0c800\" data-element_type=\"widget\" data-e-type=\"widget\" data-widget_type=\"heading.default\">\n\t\t\t\t<div class=\"elementor-widget-container\">\n\t\t\t\t\t<h5 class=\"elementor-heading-title elementor-size-default\"><a href=\"https:\/\/unpopular-truth.com\/datenschutzerklarung\/\">Datenschutzerkl\u00e4rung<\/a><\/h5>\t\t\t\t<\/div>\n\t\t\t\t<\/div>\n\t\t\t\t\t<\/div>\n\t\t<\/div>\n\t\t\t\t<div class=\"elementor-column elementor-col-25 elementor-top-column elementor-element elementor-element-12c87b56\" data-id=\"12c87b56\" data-element_type=\"column\" data-e-type=\"column\">\n\t\t\t<div class=\"elementor-widget-wrap elementor-element-populated\">\n\t\t\t\t\t\t<div class=\"elementor-element elementor-element-2f365c74 elementor-widget elementor-widget-spacer\" data-id=\"2f365c74\" data-element_type=\"widget\" data-e-type=\"widget\" data-widget_type=\"spacer.default\">\n\t\t\t\t<div class=\"elementor-widget-container\">\n\t\t\t\t\t\t\t<div class=\"elementor-spacer\">\n\t\t\t<div class=\"elementor-spacer-inner\"><\/div>\n\t\t<\/div>\n\t\t\t\t\t\t<\/div>\n\t\t\t\t<\/div>\n\t\t\t\t<div class=\"elementor-element elementor-element-340fc75e elementor-widget elementor-widget-heading\" data-id=\"340fc75e\" data-element_type=\"widget\" data-e-type=\"widget\" data-widget_type=\"heading.default\">\n\t\t\t\t<div class=\"elementor-widget-container\">\n\t\t\t\t\t<h6 class=\"elementor-heading-title elementor-size-default\">\u00a9 Energeia Publishing 2024<\/h6>\t\t\t\t<\/div>\n\t\t\t\t<\/div>\n\t\t\t\t\t<\/div>\n\t\t<\/div>\n\t\t\t\t\t<\/div>\n\t\t<\/section>\n\t\t\t\t<\/div>\n\t\t","protected":false},"excerpt":{"rendered":"<p>Leseprobe Unbequeme Wahrheiten \u00dcBER DEN STROM UND DIE ENERGIE DER ZUKUNFT Von Dr Lars Schernikau und Prof Willam Hayden Smith Download Vorwort von Lars Schernikau Energie ist allumfassend. Sie ist die Grundlage f\u00fcr unser modernes Leben. So offensichtlich und einfach dies auch klingen mag, ich habe Jahr-zehnte gebraucht, um dies wirklich zu verinnerlichen. Ich bin [&hellip;]<\/p>\n","protected":false},"author":7,"featured_media":0,"parent":0,"menu_order":0,"comment_status":"closed","ping_status":"closed","template":"elementor_header_footer","meta":{"footnotes":""},"class_list":["post-1092","page","type-page","status-publish","hentry"],"_links":{"self":[{"href":"https:\/\/unpopular-truth.com\/de\/wp-json\/wp\/v2\/pages\/1092","targetHints":{"allow":["GET"]}}],"collection":[{"href":"https:\/\/unpopular-truth.com\/de\/wp-json\/wp\/v2\/pages"}],"about":[{"href":"https:\/\/unpopular-truth.com\/de\/wp-json\/wp\/v2\/types\/page"}],"author":[{"embeddable":true,"href":"https:\/\/unpopular-truth.com\/de\/wp-json\/wp\/v2\/users\/7"}],"replies":[{"embeddable":true,"href":"https:\/\/unpopular-truth.com\/de\/wp-json\/wp\/v2\/comments?post=1092"}],"version-history":[{"count":0,"href":"https:\/\/unpopular-truth.com\/de\/wp-json\/wp\/v2\/pages\/1092\/revisions"}],"wp:attachment":[{"href":"https:\/\/unpopular-truth.com\/de\/wp-json\/wp\/v2\/media?parent=1092"}],"curies":[{"name":"wp","href":"https:\/\/api.w.org\/{rel}","templated":true}]}}